{"id":6038,"date":"2026-02-10T01:32:20","date_gmt":"2026-02-10T01:32:20","guid":{"rendered":"https:\/\/playmyradios.com\/submissao-de-radio\/"},"modified":"2026-02-17T22:56:33","modified_gmt":"2026-02-17T22:56:33","slug":"submissao-de-radio","status":"publish","type":"page","link":"https:\/\/playmyradios.com\/pt-pt\/submissao-de-radio\/","title":{"rendered":"Submiss\u00e3o de R\u00e1dio"},"content":{"rendered":"\n<div class=\"wp-block-columns is-layout-flex wp-container-core-columns-is-layout-9d6595d7 wp-block-columns-is-layout-flex\">\n<div class=\"wp-block-column is-vertically-aligned-center is-layout-flow wp-block-column-is-layout-flow\" style=\"flex-basis:850px\"><div class=\"form-submission\">\n\n<div class=\"wpcf7 no-js\" id=\"wpcf7-f6040-o1\" lang=\"pt-PT\" dir=\"ltr\" data-wpcf7-id=\"6040\">\n<div class=\"screen-reader-response\"><p role=\"status\" aria-live=\"polite\" aria-atomic=\"true\"><\/p> <ul><\/ul><\/div>\n<form action=\"\/pt-pt\/wp-json\/wp\/v2\/pages\/6038#wpcf7-f6040-o1\" method=\"post\" class=\"wpcf7-form init\" aria-label=\"Formul\u00e1rio de contacto\" enctype=\"multipart\/form-data\" novalidate=\"novalidate\" data-status=\"init\">\n<fieldset class=\"hidden-fields-container\"><input type=\"hidden\" name=\"_wpcf7\" value=\"6040\" \/><input type=\"hidden\" name=\"_wpcf7_version\" value=\"6.1.5\" \/><input type=\"hidden\" name=\"_wpcf7_locale\" value=\"pt_PT\" \/><input type=\"hidden\" name=\"_wpcf7_unit_tag\" value=\"wpcf7-f6040-o1\" \/><input type=\"hidden\" name=\"_wpcf7_container_post\" value=\"0\" \/><input type=\"hidden\" name=\"_wpcf7_posted_data_hash\" value=\"\" \/>\n<\/fieldset>\n<div class=\"linha-dupla\">\n\t<p><br \/>\nO Seu Nome<br \/>\n<span class=\"wpcf7-form-control-wrap\" data-name=\"contact-name\"><input size=\"40\" maxlength=\"400\" class=\"wpcf7-form-control wpcf7-text wpcf7-validates-as-required\" autocomplete=\"name\" aria-required=\"true\" aria-invalid=\"false\" value=\"\" type=\"text\" name=\"contact-name\" \/><\/span>\n\t<\/p>\n\t<p><br \/>\nO Seu Email<br \/>\n<span class=\"wpcf7-form-control-wrap\" data-name=\"contact-email\"><input size=\"40\" maxlength=\"400\" minlength=\"5\" class=\"wpcf7-form-control wpcf7-email wpcf7-validates-as-required wpcf7-text wpcf7-validates-as-email\" aria-required=\"true\" aria-invalid=\"false\" value=\"\" type=\"email\" name=\"contact-email\" \/><\/span>\n\t<\/p>\n<\/div>\n<div class=\"linha-dupla\">\n\t<p><br \/>\nNome Da R\u00e1dio<br \/>\n<span class=\"wpcf7-form-control-wrap\" data-name=\"station-name\"><input size=\"40\" maxlength=\"400\" class=\"wpcf7-form-control wpcf7-text wpcf7-validates-as-required\" autocomplete=\"name\" aria-required=\"true\" aria-invalid=\"false\" value=\"\" type=\"text\" name=\"station-name\" \/><\/span>\n\t<\/p>\n\t<p><br \/>\nPa\u00eds<br \/>\n<span class=\"wpcf7-form-control-wrap\" data-name=\"station_country\"><select class=\"wpcf7-form-control wpcf7-select wpcf7-validates-as-required\" aria-required=\"true\" aria-invalid=\"false\" name=\"station_country\"><option value=\"\">Escolha o Pa\u00eds...<\/option><option value=\"Afghanistan\">Afghanistan<\/option><option value=\"Albania\">Albania<\/option><option value=\"Algeria\">Algeria<\/option><option value=\"Andorra\">Andorra<\/option><option value=\"Angola\">Angola<\/option><option value=\"Antigua and Barbuda\">Antigua and Barbuda<\/option><option value=\"Argentina\">Argentina<\/option><option value=\"Armenia\">Armenia<\/option><option value=\"Australia\">Australia<\/option><option value=\"Austria\">Austria<\/option><option value=\"Azerbaijan\">Azerbaijan<\/option><option value=\"Bahamas\">Bahamas<\/option><option value=\"Bahrain\">Bahrain<\/option><option value=\"Bangladesh\">Bangladesh<\/option><option value=\"Barbados\">Barbados<\/option><option value=\"Belarus\">Belarus<\/option><option value=\"Belgium\">Belgium<\/option><option value=\"Belize\">Belize<\/option><option value=\"Benin\">Benin<\/option><option value=\"Bhutan\">Bhutan<\/option><option value=\"Bolivia\">Bolivia<\/option><option value=\"Bosnia and Herzegovina\">Bosnia and Herzegovina<\/option><option value=\"Botswana\">Botswana<\/option><option value=\"Brazil\">Brazil<\/option><option value=\"Brunei\">Brunei<\/option><option value=\"Bulgaria\">Bulgaria<\/option><option value=\"Burkina Faso\">Burkina Faso<\/option><option value=\"Burundi\">Burundi<\/option><option value=\"Cabo Verde\">Cabo Verde<\/option><option value=\"Cambodia\">Cambodia<\/option><option value=\"Cameroon\">Cameroon<\/option><option value=\"Canada\">Canada<\/option><option value=\"Central African Republic\">Central African Republic<\/option><option value=\"Chad\">Chad<\/option><option value=\"Chile\">Chile<\/option><option value=\"China\">China<\/option><option value=\"Colombia\">Colombia<\/option><option value=\"Comoros\">Comoros<\/option><option value=\"Congo\">Congo<\/option><option value=\"Costa Rica\">Costa Rica<\/option><option value=\"C\u00f4te d\u2019Ivoire\">C\u00f4te d\u2019Ivoire<\/option><option value=\"Croatia\">Croatia<\/option><option value=\"Cuba\">Cuba<\/option><option value=\"Cyprus\">Cyprus<\/option><option value=\"Czech Republic\">Czech Republic<\/option><option value=\"Democratic Republic of the Congo\">Democratic Republic of the Congo<\/option><option value=\"Denmark\">Denmark<\/option><option value=\"Djibouti\">Djibouti<\/option><option value=\"Dominica\">Dominica<\/option><option value=\"Dominican Republic\">Dominican Republic<\/option><option value=\"Ecuador\">Ecuador<\/option><option value=\"Egypt\">Egypt<\/option><option value=\"El Salvador\">El Salvador<\/option><option value=\"Equatorial Guinea\">Equatorial Guinea<\/option><option value=\"Eritrea\">Eritrea<\/option><option value=\"Estonia\">Estonia<\/option><option value=\"Eswatini\">Eswatini<\/option><option value=\"Ethiopia\">Ethiopia<\/option><option value=\"Fiji\">Fiji<\/option><option value=\"Finland\">Finland<\/option><option value=\"France\">France<\/option><option value=\"Gabon\">Gabon<\/option><option value=\"Gambia\">Gambia<\/option><option value=\"Georgia\">Georgia<\/option><option value=\"Germany\">Germany<\/option><option value=\"Ghana\">Ghana<\/option><option value=\"Greece\">Greece<\/option><option value=\"Grenada\">Grenada<\/option><option value=\"Guatemala\">Guatemala<\/option><option value=\"Guinea\">Guinea<\/option><option value=\"Guinea-Bissau\">Guinea-Bissau<\/option><option value=\"Guyana\">Guyana<\/option><option value=\"Haiti\">Haiti<\/option><option value=\"Holy See (Vatican City)\">Holy See (Vatican City)<\/option><option value=\"Honduras\">Honduras<\/option><option value=\"Hungary\">Hungary<\/option><option value=\"Iceland\">Iceland<\/option><option value=\"India\">India<\/option><option value=\"Indonesia\">Indonesia<\/option><option value=\"Iran\">Iran<\/option><option value=\"Iraq\">Iraq<\/option><option value=\"Ireland\">Ireland<\/option><option value=\"Israel\">Israel<\/option><option value=\"Italy\">Italy<\/option><option value=\"Jamaica\">Jamaica<\/option><option value=\"Japan\">Japan<\/option><option value=\"Jordan\">Jordan<\/option><option value=\"Kazakhstan\">Kazakhstan<\/option><option value=\"Kenya\">Kenya<\/option><option value=\"Kiribati\">Kiribati<\/option><option value=\"Kuwait\">Kuwait<\/option><option value=\"Kyrgyzstan\">Kyrgyzstan<\/option><option value=\"Laos\">Laos<\/option><option value=\"Latvia\">Latvia<\/option><option value=\"Lebanon\">Lebanon<\/option><option value=\"Lesotho\">Lesotho<\/option><option value=\"Liberia\">Liberia<\/option><option value=\"Libya\">Libya<\/option><option value=\"Liechtenstein\">Liechtenstein<\/option><option value=\"Lithuania\">Lithuania<\/option><option value=\"Luxembourg\">Luxembourg<\/option><option value=\"Madagascar\">Madagascar<\/option><option value=\"Malawi\">Malawi<\/option><option value=\"Malaysia\">Malaysia<\/option><option value=\"Maldives\">Maldives<\/option><option value=\"Mali\">Mali<\/option><option value=\"Malta\">Malta<\/option><option value=\"Marshall Islands\">Marshall Islands<\/option><option value=\"Mauritania\">Mauritania<\/option><option value=\"Mauritius\">Mauritius<\/option><option value=\"Mexico\">Mexico<\/option><option value=\"Micronesia\">Micronesia<\/option><option value=\"Moldova\">Moldova<\/option><option value=\"Monaco\">Monaco<\/option><option value=\"Mongolia\">Mongolia<\/option><option value=\"Montenegro\">Montenegro<\/option><option value=\"Morocco\">Morocco<\/option><option value=\"Mozambique\">Mozambique<\/option><option value=\"Myanmar\">Myanmar<\/option><option value=\"Namibia\">Namibia<\/option><option value=\"Nauru\">Nauru<\/option><option value=\"Nepal\">Nepal<\/option><option value=\"Netherlands\">Netherlands<\/option><option value=\"New Zealand\">New Zealand<\/option><option value=\"Nicaragua\">Nicaragua<\/option><option value=\"Niger\">Niger<\/option><option value=\"Nigeria\">Nigeria<\/option><option value=\"North Korea\">North Korea<\/option><option value=\"North Macedonia\">North Macedonia<\/option><option value=\"Norway\">Norway<\/option><option value=\"Oman\">Oman<\/option><option value=\"Pakistan\">Pakistan<\/option><option value=\"Palau\">Palau<\/option><option value=\"Palestine\">Palestine<\/option><option value=\"Panama\">Panama<\/option><option value=\"Papua New Guinea\">Papua New Guinea<\/option><option value=\"Paraguay\">Paraguay<\/option><option value=\"Peru\">Peru<\/option><option value=\"Philippines\">Philippines<\/option><option value=\"Poland\">Poland<\/option><option value=\"Portugal\">Portugal<\/option><option value=\"Qatar\">Qatar<\/option><option value=\"Romania\">Romania<\/option><option value=\"Russia\">Russia<\/option><option value=\"Rwanda\">Rwanda<\/option><option value=\"Saint Kitts and Nevis\">Saint Kitts and Nevis<\/option><option value=\"Saint Lucia\">Saint Lucia<\/option><option value=\"Saint Vincent and the Grenadines\">Saint Vincent and the Grenadines<\/option><option value=\"Samoa\">Samoa<\/option><option value=\"San Marino\">San Marino<\/option><option value=\"Sao Tome and Principe\">Sao Tome and Principe<\/option><option value=\"Saudi Arabia\">Saudi Arabia<\/option><option value=\"Senegal\">Senegal<\/option><option value=\"Serbia\">Serbia<\/option><option value=\"Seychelles\">Seychelles<\/option><option value=\"Sierra Leone\">Sierra Leone<\/option><option value=\"Singapore\">Singapore<\/option><option value=\"Slovakia\">Slovakia<\/option><option value=\"Slovenia\">Slovenia<\/option><option value=\"Solomon Islands\">Solomon Islands<\/option><option value=\"Somalia\">Somalia<\/option><option value=\"South Africa\">South Africa<\/option><option value=\"South Sudan\">South Sudan<\/option><option value=\"Spain\">Spain<\/option><option value=\"Sri Lanka\">Sri Lanka<\/option><option value=\"Sudan\">Sudan<\/option><option value=\"Suriname\">Suriname<\/option><option value=\"Sweden\">Sweden<\/option><option value=\"Switzerland\">Switzerland<\/option><option value=\"Syria\">Syria<\/option><option value=\"Taiwan\">Taiwan<\/option><option value=\"Tajikistan\">Tajikistan<\/option><option value=\"Tanzania\">Tanzania<\/option><option value=\"Thailand\">Thailand<\/option><option value=\"Timor-Leste\">Timor-Leste<\/option><option value=\"Togo\">Togo<\/option><option value=\"Tonga\">Tonga<\/option><option value=\"Trinidad and Tobago\">Trinidad and Tobago<\/option><option value=\"Tunisia\">Tunisia<\/option><option value=\"Turkey\">Turkey<\/option><option value=\"Turkmenistan\">Turkmenistan<\/option><option value=\"Tuvalu\">Tuvalu<\/option><option value=\"Uganda\">Uganda<\/option><option value=\"Ukraine\">Ukraine<\/option><option value=\"United Arab Emirates\">United Arab Emirates<\/option><option value=\"United Kingdom\">United Kingdom<\/option><option value=\"United States\">United States<\/option><option value=\"Uruguay\">Uruguay<\/option><option value=\"Uzbekistan\">Uzbekistan<\/option><option value=\"Vanuatu\">Vanuatu<\/option><option value=\"Venezuela\">Venezuela<\/option><option value=\"Vietnam\">Vietnam<\/option><option value=\"Yemen\">Yemen<\/option><option value=\"Zambia\">Zambia<\/option><option value=\"Zimbabwe\">Zimbabwe<\/option><\/select><\/span>\n\t<\/p>\n<\/div>\n<div class=\"linha-dupla\">\n\t<p><br \/>\nDistrito<br \/>\n<span class=\"wpcf7-form-control-wrap\" data-name=\"station-region\"><input size=\"40\" maxlength=\"400\" class=\"wpcf7-form-control wpcf7-text wpcf7-validates-as-required\" autocomplete=\"name\" aria-required=\"true\" aria-invalid=\"false\" value=\"\" type=\"text\" name=\"station-region\" \/><\/span>\n\t<\/p>\n\t<p><br \/>\nCidade<br \/>\n<span class=\"wpcf7-form-control-wrap\" data-name=\"station-city\"><input size=\"40\" maxlength=\"400\" class=\"wpcf7-form-control wpcf7-text wpcf7-validates-as-required\" autocomplete=\"name\" aria-required=\"true\" aria-invalid=\"false\" value=\"\" type=\"text\" name=\"station-city\" \/><\/span>\n\t<\/p>\n<\/div>\n<div class=\"linha-dupla\">\n\t<p><br \/>\nLog\u00f3tipo (Max 2MB)<br \/>\n<span class=\"wpcf7-form-control-wrap\" data-name=\"station-logo\"><input size=\"40\" class=\"wpcf7-form-control wpcf7-file wpcf7-validates-as-required\" accept=\"image\/*\" aria-required=\"true\" aria-invalid=\"false\" type=\"file\" name=\"station-logo\" \/><\/span>\n\t<\/p>\n\t<p><br \/>\nEmiss\u00e3o<br \/>\n<span class=\"wpcf7-form-control-wrap\" data-name=\"station-broadcast\"><span class=\"wpcf7-form-control wpcf7-radio\"><span class=\"wpcf7-list-item first\"><label><input type=\"radio\" name=\"station-broadcast\" value=\"Online\" \/><span class=\"wpcf7-list-item-label\">Online<\/span><\/label><\/span><span class=\"wpcf7-list-item\"><label><input type=\"radio\" name=\"station-broadcast\" value=\"FM\" \/><span class=\"wpcf7-list-item-label\">FM<\/span><\/label><\/span><span class=\"wpcf7-list-item\"><label><input type=\"radio\" name=\"station-broadcast\" value=\"AM\" \/><span class=\"wpcf7-list-item-label\">AM<\/span><\/label><\/span><span class=\"wpcf7-list-item last\"><label><input type=\"radio\" name=\"station-broadcast\" value=\"DAB\" \/><span class=\"wpcf7-list-item-label\">DAB<\/span><\/label><\/span><\/span><\/span>\n\t<\/p>\n<\/div>\n<p><label> G\u00e9neros (Separados por virgulas)<br \/>\n<span class=\"wpcf7-form-control-wrap\" data-name=\"station-genres\"><input size=\"40\" maxlength=\"400\" class=\"wpcf7-form-control wpcf7-text wpcf7-validates-as-required campo-texto\" autocomplete=\"name\" aria-required=\"true\" aria-invalid=\"false\" value=\"\" type=\"text\" name=\"station-genres\" \/><\/span> <\/label>\n<\/p>\n<p><label> Descri\u00e7\u00e3o da R\u00e1dio<br \/>\n<span class=\"wpcf7-form-control-wrap\" data-name=\"station-description\"><textarea cols=\"40\" rows=\"10\" maxlength=\"500\" minlength=\"30\" class=\"wpcf7-form-control wpcf7-textarea wpcf7-validates-as-required campo-texto\" aria-required=\"true\" aria-invalid=\"false\" name=\"station-description\"><\/textarea><\/span> <\/label>\n<\/p>\n<div class=\"linha-dupla\">\n\t<p><br \/>\nWebsite<br \/>\n<span class=\"wpcf7-form-control-wrap\" data-name=\"station-website\"><input size=\"40\" maxlength=\"400\" class=\"wpcf7-form-control wpcf7-text wpcf7-validates-as-required\" autocomplete=\"name\" aria-required=\"true\" aria-invalid=\"false\" value=\"\" type=\"text\" name=\"station-website\" \/><\/span>\n\t<\/p>\n\t<p><br \/>\nEmail da R\u00e1dio<br \/>\n<span class=\"wpcf7-form-control-wrap\" data-name=\"station-email\"><input size=\"40\" maxlength=\"400\" minlength=\"5\" class=\"wpcf7-form-control wpcf7-email wpcf7-text wpcf7-validates-as-email\" aria-invalid=\"false\" value=\"\" type=\"email\" name=\"station-email\" \/><\/span>\n\t<\/p>\n<\/div>\n<div class=\"linha-dupla\">\n\t<p><br \/>\nStream Prim\u00e1rio<br \/>\n<span class=\"wpcf7-form-control-wrap\" data-name=\"station-primary-link\"><input size=\"40\" maxlength=\"400\" class=\"wpcf7-form-control wpcf7-text wpcf7-validates-as-required\" autocomplete=\"name\" aria-required=\"true\" aria-invalid=\"false\" value=\"\" type=\"text\" name=\"station-primary-link\" \/><\/span>\n\t<\/p>\n\t<p><br \/>\nStream Secund\u00e1rio<br \/>\n<span class=\"wpcf7-form-control-wrap\" data-name=\"station-secondary-link\"><input size=\"40\" maxlength=\"400\" class=\"wpcf7-form-control wpcf7-text wpcf7-validates-as-required\" autocomplete=\"name\" aria-required=\"true\" aria-invalid=\"false\" value=\"\" type=\"text\" name=\"station-secondary-link\" \/><\/span>\n\t<\/p>\n<\/div>\n<p><label> Informa\u00e7\u00e3o Adicional (opcional)<br \/>\n<span class=\"wpcf7-form-control-wrap\" data-name=\"contact-info\"><textarea cols=\"40\" rows=\"10\" maxlength=\"2000\" class=\"wpcf7-form-control wpcf7-textarea campo-texto\" aria-invalid=\"false\" name=\"contact-info\"><\/textarea><\/span> <\/label>\n<\/p>\n<center>\n\t<p><input class=\"wpcf7-form-control wpcf7-submit has-spinner\" type=\"submit\" value=\"Enviar\" \/>\n\t<\/p>\n<\/center><div class=\"wpcf7-response-output\" aria-hidden=\"true\"><\/div>\n<\/form>\n<\/div>\n<br \/>\n<\/center><\/p>\n<\/div>\n<\/div>\n","protected":false},"excerpt":{"rendered":"","protected":false},"author":1,"featured_media":0,"parent":0,"menu_order":0,"comment_status":"closed","ping_status":"closed","template":"","meta":{"_acf_changed":false,"type":"","auto_type":false,"post":"","stream":"","stream_url":"","waveform_data":[],"duration":0,"start":0,"end":0,"bpm":0,"downloadable":false,"download_url":"","purchase_title":"","purchase_url":"","post-count-all":0,"like_count":0,"download_count":0,"editor_note":"","copyright":"","captions":[],"sources":[],"color":"","footnotes":""},"class_list":["post-6038","page","type-page","status-publish","hentry","entry",""],"acf":[],"yoast_head":"<!-- This site is optimized with the Yoast SEO plugin v27.0 - https:\/\/yoast.com\/product\/yoast-seo-wordpress\/ -->\n<title>Submiss\u00e3o de R\u00e1dio - playmyradios.com<\/title>\n<meta name=\"robots\" content=\"index, follow, max-snippet:-1, max-image-preview:large, max-video-preview:-1\" \/>\n<link rel=\"canonical\" href=\"https:\/\/playmyradios.com\/pt-pt\/submissao-de-radio\/\" \/>\n<meta property=\"og:locale\" content=\"pt_PT\" \/>\n<meta property=\"og:type\" content=\"article\" \/>\n<meta property=\"og:title\" content=\"Submiss\u00e3o de R\u00e1dio - playmyradios.com\" \/>\n<meta property=\"og:url\" content=\"https:\/\/playmyradios.com\/pt-pt\/submissao-de-radio\/\" \/>\n<meta property=\"og:site_name\" content=\"playmyradios.com\" \/>\n<meta property=\"article:modified_time\" content=\"2026-02-17T22:56:33+00:00\" \/>\n<meta name=\"twitter:card\" content=\"summary_large_image\" \/>\n<meta name=\"twitter:label1\" content=\"Tempo estimado de leitura\" \/>\n\t<meta name=\"twitter:data1\" content=\"1 minuto\" \/>\n<script type=\"application\/ld+json\" class=\"yoast-schema-graph\">{\"@context\":\"https:\/\/schema.org\",\"@graph\":[{\"@type\":\"WebPage\",\"@id\":\"https:\/\/playmyradios.com\/pt-pt\/submissao-de-radio\/\",\"url\":\"https:\/\/playmyradios.com\/pt-pt\/submissao-de-radio\/\",\"name\":\"Submiss\u00e3o de R\u00e1dio - playmyradios.com\",\"isPartOf\":{\"@id\":\"https:\/\/playmyradios.com\/pt-pt\/#website\"},\"datePublished\":\"2026-02-10T01:32:20+00:00\",\"dateModified\":\"2026-02-17T22:56:33+00:00\",\"breadcrumb\":{\"@id\":\"https:\/\/playmyradios.com\/pt-pt\/submissao-de-radio\/#breadcrumb\"},\"inLanguage\":\"pt-PT\",\"potentialAction\":[{\"@type\":\"ReadAction\",\"target\":[\"https:\/\/playmyradios.com\/pt-pt\/submissao-de-radio\/\"]}]},{\"@type\":\"BreadcrumbList\",\"@id\":\"https:\/\/playmyradios.com\/pt-pt\/submissao-de-radio\/#breadcrumb\",\"itemListElement\":[{\"@type\":\"ListItem\",\"position\":1,\"name\":\"In\u00edcio\",\"item\":\"https:\/\/playmyradios.com\/pt-pt\/\"},{\"@type\":\"ListItem\",\"position\":2,\"name\":\"Submiss\u00e3o de R\u00e1dio\"}]},{\"@type\":\"WebSite\",\"@id\":\"https:\/\/playmyradios.com\/pt-pt\/#website\",\"url\":\"https:\/\/playmyradios.com\/pt-pt\/\",\"name\":\"playmyradios.com\",\"description\":\"Pick. Play. Enjoy.\",\"publisher\":{\"@id\":\"https:\/\/playmyradios.com\/pt-pt\/#organization\"},\"potentialAction\":[{\"@type\":\"SearchAction\",\"target\":{\"@type\":\"EntryPoint\",\"urlTemplate\":\"https:\/\/playmyradios.com\/pt-pt\/?s={search_term_string}\"},\"query-input\":{\"@type\":\"PropertyValueSpecification\",\"valueRequired\":true,\"valueName\":\"search_term_string\"}}],\"inLanguage\":\"pt-PT\"},{\"@type\":\"Organization\",\"@id\":\"https:\/\/playmyradios.com\/pt-pt\/#organization\",\"name\":\"playmyradios.com\",\"url\":\"https:\/\/playmyradios.com\/pt-pt\/\",\"logo\":{\"@type\":\"ImageObject\",\"inLanguage\":\"pt-PT\",\"@id\":\"https:\/\/playmyradios.com\/pt-pt\/#\/schema\/logo\/image\/\",\"url\":\"https:\/\/playmyradios.com\/wp-content\/uploads\/2026\/01\/cropped-ChatGPT-Image-Jan-17-2026-at-10_05_39-PM-e1768688251635.png\",\"contentUrl\":\"https:\/\/playmyradios.com\/wp-content\/uploads\/2026\/01\/cropped-ChatGPT-Image-Jan-17-2026-at-10_05_39-PM-e1768688251635.png\",\"width\":511,\"height\":511,\"caption\":\"playmyradios.com\"},\"image\":{\"@id\":\"https:\/\/playmyradios.com\/pt-pt\/#\/schema\/logo\/image\/\"}}]}<\/script>\n<!-- \/ Yoast SEO plugin. -->","yoast_head_json":{"title":"Submiss\u00e3o de R\u00e1dio - playmyradios.com","robots":{"index":"index","follow":"follow","max-snippet":"max-snippet:-1","max-image-preview":"max-image-preview:large","max-video-preview":"max-video-preview:-1"},"canonical":"https:\/\/playmyradios.com\/pt-pt\/submissao-de-radio\/","og_locale":"pt_PT","og_type":"article","og_title":"Submiss\u00e3o de R\u00e1dio - playmyradios.com","og_url":"https:\/\/playmyradios.com\/pt-pt\/submissao-de-radio\/","og_site_name":"playmyradios.com","article_modified_time":"2026-02-17T22:56:33+00:00","twitter_card":"summary_large_image","twitter_misc":{"Tempo estimado de leitura":"1 minuto"},"schema":{"@context":"https:\/\/schema.org","@graph":[{"@type":"WebPage","@id":"https:\/\/playmyradios.com\/pt-pt\/submissao-de-radio\/","url":"https:\/\/playmyradios.com\/pt-pt\/submissao-de-radio\/","name":"Submiss\u00e3o de R\u00e1dio - playmyradios.com","isPartOf":{"@id":"https:\/\/playmyradios.com\/pt-pt\/#website"},"datePublished":"2026-02-10T01:32:20+00:00","dateModified":"2026-02-17T22:56:33+00:00","breadcrumb":{"@id":"https:\/\/playmyradios.com\/pt-pt\/submissao-de-radio\/#breadcrumb"},"inLanguage":"pt-PT","potentialAction":[{"@type":"ReadAction","target":["https:\/\/playmyradios.com\/pt-pt\/submissao-de-radio\/"]}]},{"@type":"BreadcrumbList","@id":"https:\/\/playmyradios.com\/pt-pt\/submissao-de-radio\/#breadcrumb","itemListElement":[{"@type":"ListItem","position":1,"name":"In\u00edcio","item":"https:\/\/playmyradios.com\/pt-pt\/"},{"@type":"ListItem","position":2,"name":"Submiss\u00e3o de R\u00e1dio"}]},{"@type":"WebSite","@id":"https:\/\/playmyradios.com\/pt-pt\/#website","url":"https:\/\/playmyradios.com\/pt-pt\/","name":"playmyradios.com","description":"Pick. Play. Enjoy.","publisher":{"@id":"https:\/\/playmyradios.com\/pt-pt\/#organization"},"potentialAction":[{"@type":"SearchAction","target":{"@type":"EntryPoint","urlTemplate":"https:\/\/playmyradios.com\/pt-pt\/?s={search_term_string}"},"query-input":{"@type":"PropertyValueSpecification","valueRequired":true,"valueName":"search_term_string"}}],"inLanguage":"pt-PT"},{"@type":"Organization","@id":"https:\/\/playmyradios.com\/pt-pt\/#organization","name":"playmyradios.com","url":"https:\/\/playmyradios.com\/pt-pt\/","logo":{"@type":"ImageObject","inLanguage":"pt-PT","@id":"https:\/\/playmyradios.com\/pt-pt\/#\/schema\/logo\/image\/","url":"https:\/\/playmyradios.com\/wp-content\/uploads\/2026\/01\/cropped-ChatGPT-Image-Jan-17-2026-at-10_05_39-PM-e1768688251635.png","contentUrl":"https:\/\/playmyradios.com\/wp-content\/uploads\/2026\/01\/cropped-ChatGPT-Image-Jan-17-2026-at-10_05_39-PM-e1768688251635.png","width":511,"height":511,"caption":"playmyradios.com"},"image":{"@id":"https:\/\/playmyradios.com\/pt-pt\/#\/schema\/logo\/image\/"}}]}},"_links":{"self":[{"href":"https:\/\/playmyradios.com\/pt-pt\/wp-json\/wp\/v2\/pages\/6038","targetHints":{"allow":["GET"]}}],"collection":[{"href":"https:\/\/playmyradios.com\/pt-pt\/wp-json\/wp\/v2\/pages"}],"about":[{"href":"https:\/\/playmyradios.com\/pt-pt\/wp-json\/wp\/v2\/types\/page"}],"author":[{"embeddable":true,"href":"https:\/\/playmyradios.com\/pt-pt\/wp-json\/wp\/v2\/users\/1"}],"replies":[{"embeddable":true,"href":"https:\/\/playmyradios.com\/pt-pt\/wp-json\/wp\/v2\/comments?post=6038"}],"version-history":[{"count":1,"href":"https:\/\/playmyradios.com\/pt-pt\/wp-json\/wp\/v2\/pages\/6038\/revisions"}],"predecessor-version":[{"id":6039,"href":"https:\/\/playmyradios.com\/pt-pt\/wp-json\/wp\/v2\/pages\/6038\/revisions\/6039"}],"wp:attachment":[{"href":"https:\/\/playmyradios.com\/pt-pt\/wp-json\/wp\/v2\/media?parent=6038"}],"curies":[{"name":"wp","href":"https:\/\/api.w.org\/{rel}","templated":true}]}}